{"id":3027,"date":"2019-02-14T08:14:18","date_gmt":"2019-02-14T08:14:18","guid":{"rendered":"http:\/\/terraistra.kuhada.com\/prenota\/"},"modified":"2024-02-05T19:30:15","modified_gmt":"2024-02-05T19:30:15","slug":"prenota","status":"publish","type":"page","link":"https:\/\/torrecorta.land\/it\/prenota\/","title":{"rendered":"Prenota"},"content":{"rendered":"<p>[et_pb_section fb_built=&#8221;1&#8243; fullwidth=&#8221;on&#8221; _builder_version=&#8221;4.16&#8243; global_colors_info=&#8221;{}&#8221;][et_pb_fullwidth_header title=&#8221;Prenota&#8221; text_orientation=&#8221;center&#8221; header_fullscreen=&#8221;on&#8221; header_scroll_down=&#8221;on&#8221; scroll_down_icon=&#8221;%%8%%&#8221; scroll_down_icon_size=&#8221;30px&#8221; _builder_version=&#8221;4.16&#8243; title_text_color=&#8221;#ffffff&#8221; title_font_size=&#8221;70px&#8221; subhead_text_color=&#8221;#ffffff&#8221; subhead_font_size=&#8221;28px&#8221; subhead_line_height=&#8221;38px&#8221; background_color=&#8221;rgba(255, 255, 255, 0)&#8221; background_image=&#8221;http:\/\/torrecorta.land\/wp-content\/uploads\/2018\/04\/torrecorta-villa-outside-swimming-pool.png&#8221; parallax=&#8221;on&#8221; parallax_method=&#8221;on&#8221; title_font_size_tablet=&#8221;50px&#8221; title_font_size_phone=&#8221;40px&#8221; title_font_size_last_edited=&#8221;on|phone&#8221; title_text_shadow_style=&#8221;preset3&#8243; subhead_text_shadow_style=&#8221;preset3&#8243; text_shadow_style=&#8221;preset3&#8243; global_colors_info=&#8221;{}&#8221; button_one_text_size__hover_enabled=&#8221;off&#8221; button_two_text_size__hover_enabled=&#8221;off&#8221; button_one_text_color__hover_enabled=&#8221;off&#8221; button_two_text_color__hover_enabled=&#8221;off&#8221; button_one_border_width__hover_enabled=&#8221;off&#8221; button_two_border_width__hover_enabled=&#8221;off&#8221; button_one_border_color__hover_enabled=&#8221;off&#8221; button_two_border_color__hover_enabled=&#8221;off&#8221; button_one_border_radius__hover_enabled=&#8221;off&#8221; button_two_border_radius__hover_enabled=&#8221;off&#8221; button_one_letter_spacing__hover_enabled=&#8221;off&#8221; button_two_letter_spacing__hover_enabled=&#8221;off&#8221; button_one_bg_color__hover_enabled=&#8221;off&#8221; button_two_bg_color__hover_enabled=&#8221;off&#8221;][\/et_pb_fullwidth_header][\/et_pb_section][et_pb_section fb_built=&#8221;1&#8243; _builder_version=&#8221;4.16&#8243; global_colors_info=&#8221;{}&#8221;][et_pb_row _builder_version=&#8221;4.16&#8243; background_size=&#8221;initial&#8221; background_position=&#8221;top_left&#8221; background_repeat=&#8221;repeat&#8221; width=&#8221;90%&#8221; max_width=&#8221;90%&#8221; custom_padding=&#8221;|||&#8221; use_custom_width=&#8221;on&#8221; width_unit=&#8221;off&#8221; custom_width_percent=&#8221;90%&#8221; global_colors_info=&#8221;{}&#8221;][et_pb_column type=&#8221;4_4&#8243; _builder_version=&#8221;4.16&#8243; custom_padding=&#8221;|||&#8221; global_colors_info=&#8221;{}&#8221; custom_padding__hover=&#8221;|||&#8221;][et_pb_blurb title=&#8221;ISTRUZIONI PER LA PRENOTAZIONE&#8221; content_max_width=&#8221;100%&#8221; _builder_version=&#8221;4.16&#8243; header_font=&#8221;||||||||&#8221; header_text_align=&#8221;center&#8221; header_text_color=&#8221;#5e5d56&#8243; header_font_size=&#8221;46&#8243; header_letter_spacing=&#8221;5&#8243; body_font=&#8221;||||||||&#8221; body_text_align=&#8221;left&#8221; body_text_color=&#8221;#5e5d56&#8243; body_font_size=&#8221;20px&#8221; body_line_height=&#8221;1.9em&#8221; header_font_size_tablet=&#8221;&#8221; header_font_size_phone=&#8221;25px&#8221; header_font_size_last_edited=&#8221;on|phone&#8221; header_letter_spacing_tablet=&#8221;&#8221; header_letter_spacing_phone=&#8221;2px&#8221; header_letter_spacing_last_edited=&#8221;on|phone&#8221; body_font_size_tablet=&#8221;&#8221; body_font_size_phone=&#8221;18px&#8221; body_font_size_last_edited=&#8221;on|phone&#8221; custom_css_blurb_title=&#8221;padding: 35px 0;&#8221; global_colors_info=&#8221;{}&#8221;]Se desideri prenotare un alloggio nella nostra VILLA, inviaci una richiesta indicante il periodo che desideri prenotare, il numero di persone e il nome del titolare della prenotazione.<\/p>\n<p>Si prega di selezionare le date sul calendario<br \/>\n[\/et_pb_blurb][\/et_pb_column][\/et_pb_row][et_pb_row _builder_version=&#8221;4.16&#8243; background_size=&#8221;initial&#8221; background_position=&#8221;top_left&#8221; background_repeat=&#8221;repeat&#8221; global_colors_info=&#8221;{}&#8221; column_structure=&#8221;2_3,1_3&#8243;][et_pb_column type=&#8221;2_3&#8243; _builder_version=&#8221;4.16&#8243; custom_padding=&#8221;|||&#8221; global_colors_info=&#8221;{}&#8221; custom_padding__hover=&#8221;|||&#8221;][et_pb_code _builder_version=&#8221;4.16&#8243; text_orientation=&#8221;center&#8221; global_colors_info=&#8221;{}&#8221;]<\/p>\n<h4 class=\"datepicker-title\">Please select dates on calendar<\/h4>\n<p>[\/et_pb_code][\/et_pb_column][et_pb_column type=&#8221;1_3&#8243; _builder_version=&#8221;4.16&#8243; custom_padding=&#8221;|||&#8221; global_colors_info=&#8221;{}&#8221; custom_padding__hover=&#8221;|||&#8221;][\/et_pb_column][\/et_pb_row][et_pb_row use_custom_gutter=&#8221;on&#8221; _builder_version=&#8221;4.16&#8243; global_colors_info=&#8221;{}&#8221; column_structure=&#8221;2_3,1_3&#8243;][et_pb_column type=&#8221;2_3&#8243; _builder_version=&#8221;4.16&#8243; custom_padding=&#8221;|||&#8221; global_colors_info=&#8221;{}&#8221; custom_padding__hover=&#8221;|||&#8221;][et_pb_code _builder_version=&#8221;4.16&#8243; max_width_last_edited=&#8221;off|desktop&#8221; module_alignment=&#8221;left&#8221; global_colors_info=&#8221;{}&#8221;]<\/p>\n<div id=\"calendar-wrapper\"><\/div>\n<p><!-- [et_pb_line_break_holder] --><\/p>\n<div class=\"price-wrapper\"><span class=\"price\">Price: <\/span><span id=\"price-container\"><\/span><\/div>\n<p><!-- [et_pb_line_break_holder] --><script>doTheCalendar();<\/script>[\/et_pb_code][\/et_pb_column][et_pb_column type=&#8221;1_3&#8243; _builder_version=&#8221;4.16&#8243; custom_padding=&#8221;|||&#8221; global_colors_info=&#8221;{}&#8221; custom_padding__hover=&#8221;|||&#8221;][et_pb_code _builder_version=&#8221;4.16&#8243; max_width_last_edited=&#8221;off|desktop&#8221; module_alignment=&#8221;right&#8221; global_colors_info=&#8221;{}&#8221;]\n<div class=\"wpcf7 no-js\" id=\"wpcf7-f3134-o1\" lang=\"en-US\" dir=\"ltr\">\n<div class=\"screen-reader-response\"><p role=\"status\" aria-live=\"polite\" aria-atomic=\"true\"><\/p> <ul><\/ul><\/div>\n<form action=\"\/it\/wp-json\/wp\/v2\/pages\/3027#wpcf7-f3134-o1\" method=\"post\" class=\"wpcf7-form init\" aria-label=\"Contact form\" novalidate=\"novalidate\" data-status=\"init\">\n<div style=\"display: none;\">\n<input type=\"hidden\" name=\"_wpcf7\" value=\"3134\" \/>\n<input type=\"hidden\" name=\"_wpcf7_version\" value=\"5.9.3\" \/>\n<input type=\"hidden\" name=\"_wpcf7_locale\" value=\"en_US\" \/>\n<input type=\"hidden\" name=\"_wpcf7_unit_tag\" value=\"wpcf7-f3134-o1\" \/>\n<input type=\"hidden\" name=\"_wpcf7_container_post\" value=\"0\" \/>\n<input type=\"hidden\" name=\"_wpcf7_posted_data_hash\" value=\"\" \/>\n<input type=\"hidden\" name=\"_wpcf7_recaptcha_response\" value=\"\" \/>\n<\/div>\n<p>Da:\n<\/p>\n<div class=\"form-group\">\n\t<p><span class=\"wpcf7-form-control-wrap\" data-name=\"check-in\"><input class=\"wpcf7-form-control wpcf7-date wpcf7-validates-as-required wpcf7-validates-as-date\" id=\"check-in\" readonly=\"readonly\" aria-required=\"true\" aria-invalid=\"false\" value=\"\" type=\"date\" name=\"check-in\" \/><\/span>\n\t<\/p>\n<\/div>\n<p>A:\n<\/p>\n<div class=\"form-group\">\n\t<p><span class=\"wpcf7-form-control-wrap\" data-name=\"check-out\"><input class=\"wpcf7-form-control wpcf7-date wpcf7-validates-as-required wpcf7-validates-as-date\" id=\"check-out\" readonly=\"readonly\" aria-required=\"true\" aria-invalid=\"false\" value=\"\" type=\"date\" name=\"check-out\" \/><\/span>\n\t<\/p>\n<\/div>\n<div class=\"form-group\">\n\t<p><span class=\"wpcf7-form-control-wrap\" data-name=\"user-name\"><input size=\"40\" class=\"wpcf7-form-control wpcf7-text wpcf7-validates-as-required\" aria-required=\"true\" aria-invalid=\"false\" placeholder=\"Il tuo nome (richiesto)\" value=\"\" type=\"text\" name=\"user-name\" \/><\/span>\n\t<\/p>\n<\/div>\n<div class=\"form-group\">\n\t<p><span class=\"wpcf7-form-control-wrap\" data-name=\"user-email\"><input size=\"40\" class=\"wpcf7-form-control wpcf7-email wpcf7-validates-as-required wpcf7-text wpcf7-validates-as-email\" aria-required=\"true\" aria-invalid=\"false\" placeholder=\"La tua e-mail (richiesto)\" value=\"\" type=\"email\" name=\"user-email\" \/><\/span>\n\t<\/p>\n<\/div>\n<div class=\"form-group\">\n\t<p><span class=\"wpcf7-form-control-wrap\" data-name=\"additional-comments\"><textarea cols=\"40\" rows=\"10\" class=\"wpcf7-form-control wpcf7-textarea\" aria-invalid=\"false\" placeholder=\"Commenti aggiuntivi\" name=\"additional-comments\"><\/textarea><\/span>\n\t<\/p>\n<\/div>\n<div class=\"form-group\">\n\t<p><input class=\"wpcf7-form-control wpcf7-submit has-spinner et_pb_button\" type=\"submit\" value=\"Inviare\" \/>\n\t<\/p>\n<\/div><p style=\"display: none !important;\" class=\"akismet-fields-container\" data-prefix=\"_wpcf7_ak_\"><label>&#916;<textarea name=\"_wpcf7_ak_hp_textarea\" cols=\"45\" rows=\"8\" maxlength=\"100\"><\/textarea><\/label><input type=\"hidden\" id=\"ak_js_1\" name=\"_wpcf7_ak_js\" value=\"227\"\/><script>document.getElementById( \"ak_js_1\" ).setAttribute( \"value\", ( new Date() ).getTime() );<\/script><\/p><div class=\"wpcf7-response-output\" aria-hidden=\"true\"><\/div>\n<\/form>\n<\/div>\n<!-- [et_pb_line_break_holder] -->[\/et_pb_code][\/et_pb_column][\/et_pb_row][\/et_pb_section][et_pb_section fb_built=&#8221;1&#8243; _builder_version=&#8221;4.16&#8243; custom_margin=&#8221;-105px|||&#8221; global_colors_info=&#8221;{}&#8221;][et_pb_row _builder_version=&#8221;4.16&#8243; width=&#8221;90%&#8221; max_width=&#8221;90%&#8221; module_alignment=&#8221;center&#8221; use_custom_width=&#8221;on&#8221; width_unit=&#8221;off&#8221; custom_width_percent=&#8221;90%&#8221; global_colors_info=&#8221;{}&#8221;][et_pb_column type=&#8221;4_4&#8243; _builder_version=&#8221;4.16&#8243; custom_padding=&#8221;|||&#8221; global_colors_info=&#8221;{}&#8221; custom_padding__hover=&#8221;|||&#8221;][et_pb_blurb title=&#8221;TERMINI&#8221; content_max_width=&#8221;100%&#8221; _builder_version=&#8221;4.16&#8243; header_font=&#8221;||||||||&#8221; header_text_align=&#8221;center&#8221; header_text_color=&#8221;#5e5d56&#8243; header_font_size=&#8221;46&#8243; header_letter_spacing=&#8221;5&#8243; body_font=&#8221;||||||||&#8221; body_text_align=&#8221;justify&#8221; body_text_color=&#8221;#5e5d56&#8243; body_font_size=&#8221;20px&#8221; body_line_height=&#8221;1.9em&#8221; header_font_size_tablet=&#8221;&#8221; header_font_size_phone=&#8221;25px&#8221; header_font_size_last_edited=&#8221;on|phone&#8221; header_letter_spacing_tablet=&#8221;&#8221; header_letter_spacing_phone=&#8221;2px&#8221; header_letter_spacing_last_edited=&#8221;on|phone&#8221; body_font_size_tablet=&#8221;&#8221; body_font_size_phone=&#8221;18px&#8221; body_font_size_last_edited=&#8221;on|phone&#8221; custom_css_blurb_title=&#8221;padding: 35px 0;&#8221; global_colors_info=&#8221;{}&#8221;]Se desideri prenotare un alloggio nella nostra VILLA, inviaci una richiesta indicante il periodo che desideri prenotare, il numero di persone e il nome del titolare della prenotazione.<\/p>\n<p>Si prega di selezionare le date sul calendario<br \/>\n[\/et_pb_blurb][et_pb_blurb content_max_width=&#8221;100%&#8221; _builder_version=&#8221;4.16&#8243; header_level=&#8221;h2&#8243; header_font=&#8221;||||||||&#8221; header_text_align=&#8221;center&#8221; header_text_color=&#8221;#5e5d56&#8243; header_font_size=&#8221;46&#8243; header_letter_spacing=&#8221;5&#8243; body_font=&#8221;||||||||&#8221; body_text_align=&#8221;justify&#8221; body_text_color=&#8221;#5e5d56&#8243; body_font_size=&#8221;20px&#8221; body_line_height=&#8221;1.9em&#8221; header_font_size_tablet=&#8221;&#8221; header_font_size_phone=&#8221;25px&#8221; header_font_size_last_edited=&#8221;on|phone&#8221; header_letter_spacing_tablet=&#8221;&#8221; header_letter_spacing_phone=&#8221;2px&#8221; header_letter_spacing_last_edited=&#8221;on|phone&#8221; body_font_size_tablet=&#8221;&#8221; body_font_size_phone=&#8221;18px&#8221; body_font_size_last_edited=&#8221;on|desktop&#8221; custom_css_blurb_title=&#8221;padding: 35px 0;&#8221; global_colors_info=&#8221;{}&#8221;]Se desidera prenotare alloggio presso VILLA TORRECORTA, per cortesia ci invii una richiesta indicante il periodo che desidera prenotare, il numero di persone e il nome del titolare della prenotazione. Ricever\u00e0 una email di conferma della disponibilit\u00e0 di VILLA TORRECORTA per il periodo desiderato, vi preghiamo di inviarci la vostra conferma di prenotazione via e-mail al seguente indirizzo: <u>info<\/u>@<u>torrecorta.land<\/u>. Per rendere definitiva la vostra prenotazione dovete versare un anticipo del 30% del prezzo totale sul c.c. bancario entro 3 giorni, in base all&#8217;offerta che le invieremo. In caso contrario, la prenotazione verr\u00e0 annullata.<\/p>\n<p>Vi chiediamo gentilmente di pagare il resto della somma non oltre un mese prima dal vostro arrivo. Se prenota l&#8217;alloggio con meno di 30 giorni prima del vostro arrivo, \u00e8 tenuto a pagare l&#8217;intero importo immediatamente.<\/p>\n<p>Per tutti i pagamenti ricevuti, vi invieremo una conferma con fattura in allegato.<\/p>\n<p>Riguardo i servizi aggiuntivi che offriamo, pu\u00f2 decidere al vostro arrivo e pagarlo in contanti al gestore della villa. Consigliamo di informarci in anticipo sui eventuali servizi extra o esigenze, in modo che possiamo organizzarli e soddisfarli al meglio. Questo \u00e8 particolarmente consigliato se ha prenotato il tuo soggiorno presso la nostra VILLA TORRECORTA durante l&#8217;alta stagione in luglio e agosto.<\/p>\n<p>Il CHECK IN \u00e8 dalle 17h00 in poi, il CHECK OUT entro e non oltre le ore 10h00. Al vostro arrivo nella villa, vi preghiamo di preparare il deposito cauzionale per un importo di \u20ac 500,00 in contanti, in modo che possiate cominciare il vostro soggiorno senza indugio.<\/p>\n<p>Il deposito cauzionale verr\u00e0 restituito alla partenza, previa verifica della villa. In caso di danni alla villa, arredamento o quant\u02bcaltro parte di essa, per l\u02bcuso improprio di oggetti e\/o elettrodomestici, Il gestore ha il diritto di addebitare l&#8217;importo appropriato al deposito di garanzia, nonch\u00e9 di richiedere un risarcimento per eventuali costi che superano la garanzia di deposito.<\/p>\n<p><u>Si pre<\/u>g<u>a di se<\/u>g<u>nalare immediatamente eventuali danni per poterlo<\/u> <u>riparare o compensare per l&#8217;arrivo de<\/u>g<u>li ospiti successivi.<\/u><\/p>\n<p>Eventuali danni prodotti da animali ospiti saranno sotto responsabilit\u00e0\u02bc dei padroni.<\/p>\n<p>la proprieta\u02bc non si assume responsabilita\u02bc per eventuali incidenti agli animali domestici sia in casa che all\u02bcesterno.<\/p>\n<p>Ricordiamo che la proprieta\u02bc si trova in un ambiente naturale che ospita eventuali selvatici, da campi coltivati ed uliveti.<\/p>\n<p>Regole di Cancellazione:<\/p>\n<p>Per proteggerci da eventuali perdite che potrebbero sorgere a causa della cancellazione della prenotazione, ti consigliamo di ottenere un&#8217;assicurazione di viaggio.<\/p>\n<p>Il giorno della partenza, entro e non oltre le ore 10h00 la casa deve essere libera da persone e cose. La struttura sar\u00e0 ispezionata in presenza dell&#8217;ospite e il deposito sar\u00e0 rimborsato per intero, a meno che gli ospiti non abbiano eccessivamente sporcato in tal caso, l\u02bcimporto che verr\u00e0 addebitato sar\u00e0\u02bc\u00a0 prelevato dal deposito e se insufficiente a coprire le spese sar\u00e0\u02bc richiesto quanto prima il rimborso della somma mancante).<\/p>\n<p>L&#8217;ospite ricever\u00e0 la conferma sull&#8217;importo trattenuto.<\/p>\n<p>In caso di cancellazione si applicano le seguenti condizioni: &#8211; cancellazione pi\u00f9 di 45 giorni prima dell&#8217;arrivo: conserviamo la caparra versata in anticipo; &#8211; cancellazione 44-30 giorni prima dell&#8217;arrivo: tratteniamo il 70% dell&#8217;importo totale; &#8211; cancellazione tra 29-0 giorni prima dell&#8217;arrivo: tratteniamo il 100% dell&#8217;importo totale.<\/p>\n<p>Nel caso in cui siamo costretti a cancellare la tua prenotazione per ragioni oggettive, ti informeremo al pi\u00f9 presto e se lo richiedi, cercheremo di trovare una sistemazione alternativa di una categoria simile per te e ti rimborseremo ogni eventuale differenza in prezzo. Se \u00e8 impossibile trovare una sistemazione alternativa adeguata e disponibile, rimborseremo il pagamento, ma non ci assumeremo alcuna ulteriore responsabilit\u00e0. Gli animali domestici sono ammessi solo su richiesta, con la possibilit\u00e0 di pagare un costo aggiuntivo per le spese di sanificazione.<\/p>\n<p>VILLA TORRECORTA non pu\u00f2 ospitare persone oltre alla sua capacit\u00e0 massima. L&#8217;uso della villa per scopi commerciali, cos\u00ec come l&#8217;organizzazione di eventi sociali, matrimoni, feste e simili devono essere concordati in anticipo per i quali potrebbero essere richiesti pagamenti aggiuntivi e un deposito pi\u00f9 alto.<\/p>\n<h3>AVVERTENZE<\/h3>\n<p>Non possiamo essere ritenuti responsabili per oggetti di valore lasciati dagli ospiti all&#8217;interno o intorno alla villa. Villa ha una cassaforte e gli ospiti stessi possono programmarla.<\/p>\n<p>Non siamo responsabili per eventuale morte o lesioni degli ospiti che soggiornano presso la villa, o per casi di &#8220;Forza maggiore&#8221; ed eventi al di fuori del nostro controllo. \u00c8 severamente vietato portare e lasciare altre persone non registrate nella villa. La piscina e le altre aree della villa e intorno ad essa non sono particolarmente sicure e d adatte ai bambini, quindi consigliamo di avvertire e garantire un controllo costante sui bambini piccoli. La profondit\u00e0 della piscina \u00e8 di 130 centimetri, quindi non \u00e8 permesso saltare in piscina. Raccomandiamo inoltre alle persone affette da malattie cardiache o ipertensione di consultare il proprio medico prima di utilizzare la sauna.<\/p>\n<p>Fate prudenza camminando sulle superfici bagnate per non scivolare sia in casa che all\u02bcesterno.<\/p>\n<p>Un consiglio ECOLOGICO, per cortesia spegnete le luci all&#8217;interno e intorno alla villa quando non in uso. I condizionatori d\u02bcaria potete lasciarli sempre accesi, si chiede gentilmente di tenere chiuse le porte per non sprecare l\u02bcenergia. I termostati sono stati preimpostati alla temperatura ottimale.<\/p>\n<p>La casa e\u02bc provvista di un sistema di ricircolo d\u02bcaria automatico sempre in funzione che ne garantisce la qualit\u00e0\u02bc ed il recupero energetico. Questo permette di evitare di tenere aperte le finestre e lasciare zanzare o altri insetti, se presenti, d\u02bc entrare e sprechi energetici.<\/p>\n<p>Mentre fate uso del barbecue fate attenzione alla fiamma, ce rischio di scottature. Usate i guanti e attrezzi adatti. \u00c8 vietato e perseguibile per legge (necessita autorizzazione dei pompieri) accendere fuochi liberi nel prato o nella campagna tranne che nei posti dedicati e sotto continua osservazione.<\/p>\n<p>L\u02bcuso della palestra e\u02bc suggerito a persone con esperienza.<\/p>\n<p>Vi auguriamo una vacanza piacevole e memorabile.<\/p>\n<p>VILLA TORRECORTA TEAM<br \/>\n[\/et_pb_blurb][\/et_pb_column][\/et_pb_row][\/et_pb_section]<\/p>\n","protected":false},"excerpt":{"rendered":"<p>Se desideri prenotare un alloggio nella nostra VILLA, inviaci una richiesta indicante il periodo che desideri prenotare, il numero di persone e il nome del titolare della prenotazione. Si prega di selezionare le date sul calendario \n<div class=\"wpcf7 no-js\" id=\"wpcf7-f3134-o2\" lang=\"en-US\" dir=\"ltr\">\n<div class=\"screen-reader-response\"><p role=\"status\" aria-live=\"polite\" aria-atomic=\"true\"><\/p> <ul><\/ul><\/div>\n<form action=\"\/it\/wp-json\/wp\/v2\/pages\/3027#wpcf7-f3134-o2\" method=\"post\" class=\"wpcf7-form init\" aria-label=\"Contact form\" novalidate=\"novalidate\" data-status=\"init\">\n<div style=\"display: none;\">\n<input type=\"hidden\" name=\"_wpcf7\" value=\"3134\" \/>\n<input type=\"hidden\" name=\"_wpcf7_version\" value=\"5.9.3\" \/>\n<input type=\"hidden\" name=\"_wpcf7_locale\" value=\"en_US\" \/>\n<input type=\"hidden\" name=\"_wpcf7_unit_tag\" value=\"wpcf7-f3134-o2\" \/>\n<input type=\"hidden\" name=\"_wpcf7_container_post\" value=\"0\" \/>\n<input type=\"hidden\" name=\"_wpcf7_posted_data_hash\" value=\"\" \/>\n<input type=\"hidden\" name=\"_wpcf7_recaptcha_response\" value=\"\" \/>\n<\/div>\n<p>Da:\n<\/p>\n<div class=\"form-group\">\n\t<p><span class=\"wpcf7-form-control-wrap\" data-name=\"check-in\"><input class=\"wpcf7-form-control wpcf7-date wpcf7-validates-as-required wpcf7-validates-as-date\" readonly=\"readonly\" aria-required=\"true\" aria-invalid=\"false\" value=\"\" type=\"date\" name=\"check-in\" \/><\/span>\n\t<\/p>\n<\/div>\n<p>A:\n<\/p>\n<div class=\"form-group\">\n\t<p><span class=\"wpcf7-form-control-wrap\" data-name=\"check-out\"><input class=\"wpcf7-form-control wpcf7-date wpcf7-validates-as-required wpcf7-validates-as-date\" readonly=\"readonly\" aria-required=\"true\" aria-invalid=\"false\" value=\"\" type=\"date\" name=\"check-out\" \/><\/span>\n\t<\/p>\n<\/div>\n<div class=\"form-group\">\n\t<p><span class=\"wpcf7-form-control-wrap\" data-name=\"user-name\"><input size=\"40\" class=\"wpcf7-form-control wpcf7-text wpcf7-validates-as-required\" aria-required=\"true\" aria-invalid=\"false\" placeholder=\"Il tuo nome (richiesto)\" value=\"\" type=\"text\" name=\"user-name\" \/><\/span>\n\t<\/p>\n<\/div>\n<div class=\"form-group\">\n\t<p><span class=\"wpcf7-form-control-wrap\" data-name=\"user-email\"><input size=\"40\" class=\"wpcf7-form-control wpcf7-email wpcf7-validates-as-required wpcf7-text wpcf7-validates-as-email\" aria-required=\"true\" aria-invalid=\"false\" placeholder=\"La tua e-mail (richiesto)\" value=\"\" type=\"email\" name=\"user-email\" \/><\/span>\n\t<\/p>\n<\/div>\n<div class=\"form-group\">\n\t<p><span class=\"wpcf7-form-control-wrap\" data-name=\"additional-comments\"><textarea cols=\"40\" rows=\"10\" class=\"wpcf7-form-control wpcf7-textarea\" aria-invalid=\"false\" placeholder=\"Commenti aggiuntivi\" name=\"additional-comments\"><\/textarea><\/span>\n\t<\/p>\n<\/div>\n<div class=\"form-group\">\n\t<p><input class=\"wpcf7-form-control wpcf7-submit has-spinner et_pb_button\" type=\"submit\" value=\"Inviare\" \/>\n\t<\/p>\n<\/div><p style=\"display: none !important;\" class=\"akismet-fields-container\" data-prefix=\"_wpcf7_ak_\"><label>&#916;<textarea name=\"_wpcf7_ak_hp_textarea\" cols=\"45\" rows=\"8\" maxlength=\"100\"><\/textarea><\/label><input type=\"hidden\" id=\"ak_js_2\" name=\"_wpcf7_ak_js\" value=\"133\"\/><script>document.getElementById( \"ak_js_2\" ).setAttribute( \"value\", ( new Date() ).getTime() );<\/script><\/p><div class=\"wpcf7-response-output\" aria-hidden=\"true\"><\/div>\n<\/form>\n<\/div>\nSe desideri prenotare un alloggio nella nostra VILLA, inviaci una richiesta indicante il periodo che [&hellip;]<\/p>\n","protected":false},"author":1,"featured_media":0,"parent":0,"menu_order":0,"comment_status":"closed","ping_status":"closed","template":"","meta":{"_et_pb_use_builder":"on","_et_pb_old_content":"","_et_gb_content_width":"","footnotes":""},"yst_prominent_words":[66,55,68,57,69,58,64,53,62,59,65,54,67,56,63,52,61,51,60,50],"_links":{"self":[{"href":"https:\/\/torrecorta.land\/it\/wp-json\/wp\/v2\/pages\/3027"}],"collection":[{"href":"https:\/\/torrecorta.land\/it\/wp-json\/wp\/v2\/pages"}],"about":[{"href":"https:\/\/torrecorta.land\/it\/wp-json\/wp\/v2\/types\/page"}],"author":[{"embeddable":true,"href":"https:\/\/torrecorta.land\/it\/wp-json\/wp\/v2\/users\/1"}],"replies":[{"embeddable":true,"href":"https:\/\/torrecorta.land\/it\/wp-json\/wp\/v2\/comments?post=3027"}],"version-history":[{"count":10,"href":"https:\/\/torrecorta.land\/it\/wp-json\/wp\/v2\/pages\/3027\/revisions"}],"predecessor-version":[{"id":3221,"href":"https:\/\/torrecorta.land\/it\/wp-json\/wp\/v2\/pages\/3027\/revisions\/3221"}],"wp:attachment":[{"href":"https:\/\/torrecorta.land\/it\/wp-json\/wp\/v2\/media?parent=3027"}],"wp:term":[{"taxonomy":"yst_prominent_words","embeddable":true,"href":"https:\/\/torrecorta.land\/it\/wp-json\/wp\/v2\/yst_prominent_words?post=3027"}],"curies":[{"name":"wp","href":"https:\/\/api.w.org\/{rel}","templated":true}]}}